{"id":52,"date":"2018-02-21T13:15:39","date_gmt":"2018-02-21T12:15:39","guid":{"rendered":"http:\/\/www.meltingvox.eu\/?page_id=52"},"modified":"2025-08-09T17:00:56","modified_gmt":"2025-08-09T15:00:56","slug":"le-chef","status":"publish","type":"page","link":"https:\/\/www.meltingvox.eu\/index.php\/le-chef\/","title":{"rendered":"Le chef"},"content":{"rendered":"<p>\u00a0<\/p>\n<p><img loading=\"lazy\" class=\"alignnone wp-image-1024 \" src=\"http:\/\/www.meltingvox.eu\/wp-content\/uploads\/2025\/08\/Toby_MV_2025_3Q7A6022-403x500.jpeg\" alt=\"\" width=\"207\" height=\"257\" srcset=\"https:\/\/www.meltingvox.eu\/wp-content\/uploads\/2025\/08\/Toby_MV_2025_3Q7A6022-403x500.jpeg 403w, https:\/\/www.meltingvox.eu\/wp-content\/uploads\/2025\/08\/Toby_MV_2025_3Q7A6022-826x1024.jpeg 826w, https:\/\/www.meltingvox.eu\/wp-content\/uploads\/2025\/08\/Toby_MV_2025_3Q7A6022-768x952.jpeg 768w, https:\/\/www.meltingvox.eu\/wp-content\/uploads\/2025\/08\/Toby_MV_2025_3Q7A6022.jpeg 1133w\" sizes=\"(max-width: 207px) 100vw, 207px\" \/><\/p>\n<p><b>Toby Wardman &#8211; chef de choeur et t\u00e9nor (depuis avril)<\/b><\/p>\n<p style=\"font-weight: 400;\">Toby Wardman a grandi dans le monde choral anglais. Il est titulaire d\u2019un dipl\u00f4me en direction de choeur de l\u2019\u00a0\u00bbAssociation of British Choral Directors\u00a0\u00bb et dirige des choeurs depuis 2000. Il a \u00e9t\u00e9 bas\u00e9 \u00e0 York, au Royaume-Uni, jusqu\u2019en 2016, date \u00e0 laquelle il a d\u00e9m\u00e9nag\u00e9 en Belgique \u00e0 la suite du Brexit. Il vit d\u00e9sormais \u00e0 Malines.\u00a0<\/p>\n<p style=\"font-weight: 400;\">Toby a dirig\u00e9 des choeurs de chambre, des soci\u00e9t\u00e9s chorales et des ch\u0153urs de jeunes, ainsi que la musique d\u2019\u00e9glises et de cath\u00e9drales. Ses int\u00e9r\u00eats se portent particuli\u00e8rement sur la musique europ\u00e9enne des XVIe et XVIIe si\u00e8cles, la musique religieuse anglaise et la musique contemporaine du monde entier. L\u2019ensemble qu\u2019il a fond\u00e9 \u00e0 York, les Clerces of All Saints, est l\u2019un des principaux choeurs liturgiques du nord de l\u2019Angleterre et a \u00e9t\u00e9 en r\u00e9sidence dans plusieurs cath\u00e9drales. Chaque ann\u00e9e, il a dirig\u00e9 des \u00e9coles d\u2019\u00e9t\u00e9 chorales en Provence, \u00e0 Louvain et plus r\u00e9cemment \u00e0 Gand, ax\u00e9es sur la musique ancienne. En tant que compositeur et arrangeur occasionnel, les oeuvres de Toby ont \u00e9t\u00e9 jou\u00e9es dans des cath\u00e9drales et des salles de concert anglaises, sur des enregistrements en studio et \u00e0 la BBC. C\u2019est un guitariste classique. Parall\u00e8lement \u00e0 ses activit\u00e9s musicales, il exerce un travail quotidien dans la communication politique et scientifique. Il a rejoint l\u2019ensemble Melting Vox en avril 2024. \u00a0 \u00a0<\/p>\n<p style=\"font-weight: 400;\">\u00a0 \u00a0 \u00a0 \u00a0 \u00a0 <img loading=\"lazy\" class=\"alignnone wp-image-1009 size-medium\" src=\"http:\/\/www.meltingvox.eu\/wp-content\/uploads\/2025\/08\/3Q7A6096-500x333.jpg\" alt=\"\" width=\"500\" height=\"333\" srcset=\"https:\/\/www.meltingvox.eu\/wp-content\/uploads\/2025\/08\/3Q7A6096-500x333.jpg 500w, https:\/\/www.meltingvox.eu\/wp-content\/uploads\/2025\/08\/3Q7A6096-1024x683.jpg 1024w, https:\/\/www.meltingvox.eu\/wp-content\/uploads\/2025\/08\/3Q7A6096-768x512.jpg 768w, https:\/\/www.meltingvox.eu\/wp-content\/uploads\/2025\/08\/3Q7A6096-1536x1024.jpg 1536w, https:\/\/www.meltingvox.eu\/wp-content\/uploads\/2025\/08\/3Q7A6096-2048x1366.jpg 2048w\" sizes=\"(max-width: 500px) 100vw, 500px\" \/><\/p>\n<p>\u00a0<\/p>\n<p><img loading=\"lazy\" class=\"alignnone  wp-image-14\" src=\"http:\/\/www.meltingvox.eu\/wp-content\/uploads\/2018\/02\/Stefano-Poletto-2-150x150.jpg\" alt=\"\" width=\"220\" height=\"220\" srcset=\"https:\/\/www.meltingvox.eu\/wp-content\/uploads\/2018\/02\/Stefano-Poletto-2-150x150.jpg 150w, https:\/\/www.meltingvox.eu\/wp-content\/uploads\/2018\/02\/Stefano-Poletto-2-150x150-100x100.jpg 100w\" sizes=\"(max-width: 220px) 100vw, 220px\" \/>\u00a0<\/p>\n<p><b>Stefano Poletto &#8211; chef de choeur et t\u00e9nor (jusqu&rsquo;en d\u00e9cembre 2023)<\/b><\/p>\n<p>N\u00e9 \u00e0 V\u00e9rone en Italie,\u202f\u00a0Stefano\u00a0\u202fy \u00e9tudie le hautbois au Conservatoire et obtient son dipl\u00f4me quelques ann\u00e9es plus tard. Rapidement, son parcours d\u2019instrumentiste l\u2019am\u00e8ne \u00e0 se perfectionner avec le premier hautbois de la Scala de Milan et de se produire au sein d\u2019orchestres importants comme l\u2019Orchestre International d\u2019Italie, l\u2019Orchestre Philharmonique d\u2019Italie, le Th\u00e9\u00e2tre Exp\u00e9rimental de Spoleto, l\u2019Offerta Musicale de Venise\u2026<span data-ccp-props=\"{&quot;335551550&quot;:1,&quot;335551620&quot;:1,&quot;335559731&quot;:567}\">\u00a0<\/span><\/p>\n<p>Arriv\u00e9 en Belgique en 2003, il suit des cours avec Paul Dombrecht, Fran\u00e7ois Leleux, Jacques Thys, David Walter, Neil Black, Eric Speller, et joue au sein de l\u2019Orchestre de la Radio Flamande (VRO), de l\u2019Orchestre de La Monnaie et Sturm und Klang\u2026 Stefano Poletto est professeur de hautbois dans les acad\u00e9mies de Charleroi, Montigny-le-Tilleul et Gosselies.<span data-ccp-props=\"{&quot;335551550&quot;:1,&quot;335551620&quot;:1,&quot;335559731&quot;:567}\">\u00a0<\/span><\/p>\n<p>Attir\u00e9 par la beaut\u00e9 du chant choral, il \u00e9tudie la direction avec Mario Lanaro, Diego Dini Ciacci, Julius Kalmar et r\u00e9cemment avec Denis Menier. Depuis 2007, il collabore au projet \u00ab Un pont entre deux mondes \u00bb d\u00e9velopp\u00e9 par La Monnaie.\u202f<span data-ccp-props=\"{&quot;335551550&quot;:1,&quot;335551620&quot;:1,&quot;335559731&quot;:567}\">\u00a0<\/span><\/p>\n<p>Il dirige notamment l\u2019Ensemble Vocal Melting Vox, les Baladins de Fleurus, le ch\u0153ur des \u00e9tudiants de l\u2019Universit\u00e9 de Louvain-La-Neuve et le Ch\u0153ur de Chambre Ishango\u202f.<span data-ccp-props=\"{&quot;335551550&quot;:1,&quot;335551620&quot;:1,&quot;335559731&quot;:567}\">\u00a0<\/span><\/p>\n\n\n<figure class=\"wp-block-image size-large\"><img loading=\"lazy\" width=\"768\" height=\"1024\" src=\"http:\/\/www.meltingvox.eu\/wp-content\/uploads\/2023\/12\/IMG_6692-768x1024.jpeg\" alt=\"\" class=\"wp-image-889\" srcset=\"https:\/\/www.meltingvox.eu\/wp-content\/uploads\/2023\/12\/IMG_6692-768x1024.jpeg 768w, https:\/\/www.meltingvox.eu\/wp-content\/uploads\/2023\/12\/IMG_6692-375x500.jpeg 375w, https:\/\/www.meltingvox.eu\/wp-content\/uploads\/2023\/12\/IMG_6692-1152x1536.jpeg 1152w, https:\/\/www.meltingvox.eu\/wp-content\/uploads\/2023\/12\/IMG_6692-1536x2048.jpeg 1536w, https:\/\/www.meltingvox.eu\/wp-content\/uploads\/2023\/12\/IMG_6692-scaled.jpeg 1920w\" sizes=\"(max-width: 768px) 100vw, 768px\" \/><figcaption>Dernier concert avec Melting Vox le 17 d\u00e9cembre 2023 &#8211; Merci Laia et Stef<\/figcaption><\/figure>\n","protected":false},"excerpt":{"rendered":"<p>\u00a0 Toby Wardman &#8211; chef de choeur et t\u00e9nor (depuis avril) Toby Wardman a grandi dans le monde choral anglais. Il est titulaire d\u2019un dipl\u00f4me en direction de choeur de l\u2019\u00a0\u00bbAssociation of British Choral Directors\u00a0\u00bb et dirige des choeurs depuis 2000. Il a \u00e9t\u00e9 bas\u00e9 \u00e0 York, au Royaume-Uni, jusqu\u2019en 2016, date \u00e0 laquelle il [&hellip;]<\/p>\n","protected":false},"author":1,"featured_media":0,"parent":0,"menu_order":0,"comment_status":"closed","ping_status":"closed","template":"","meta":[],"_links":{"self":[{"href":"https:\/\/www.meltingvox.eu\/index.php\/wp-json\/wp\/v2\/pages\/52"}],"collection":[{"href":"https:\/\/www.meltingvox.eu\/index.php\/wp-json\/wp\/v2\/pages"}],"about":[{"href":"https:\/\/www.meltingvox.eu\/index.php\/wp-json\/wp\/v2\/types\/page"}],"author":[{"embeddable":true,"href":"https:\/\/www.meltingvox.eu\/index.php\/wp-json\/wp\/v2\/users\/1"}],"replies":[{"embeddable":true,"href":"https:\/\/www.meltingvox.eu\/index.php\/wp-json\/wp\/v2\/comments?post=52"}],"version-history":[{"count":8,"href":"https:\/\/www.meltingvox.eu\/index.php\/wp-json\/wp\/v2\/pages\/52\/revisions"}],"predecessor-version":[{"id":1051,"href":"https:\/\/www.meltingvox.eu\/index.php\/wp-json\/wp\/v2\/pages\/52\/revisions\/1051"}],"wp:attachment":[{"href":"https:\/\/www.meltingvox.eu\/index.php\/wp-json\/wp\/v2\/media?parent=52"}],"curies":[{"name":"wp","href":"https:\/\/api.w.org\/{rel}","templated":true}]}}