{"id":2,"date":"2018-02-18T12:11:19","date_gmt":"2018-02-18T11:11:19","guid":{"rendered":"http:\/\/meltingvox.eu\/?page_id=2"},"modified":"2026-03-02T22:26:22","modified_gmt":"2026-03-02T21:26:22","slug":"page-d-exemple","status":"publish","type":"page","link":"https:\/\/www.meltingvox.eu\/index.php\/page-d-exemple\/","title":{"rendered":"Les chanteurs"},"content":{"rendered":"<h4>\u00a0<img loading=\"lazy\" class=\"alignnone wp-image-352 size-thumbnail\" src=\"http:\/\/www.meltingvox.eu\/wp-content\/uploads\/2018\/09\/alexis-150x150.jpg\" alt=\"\" width=\"150\" height=\"150\" srcset=\"https:\/\/www.meltingvox.eu\/wp-content\/uploads\/2018\/09\/alexis-150x150.jpg 150w, https:\/\/www.meltingvox.eu\/wp-content\/uploads\/2018\/09\/alexis-500x500.jpg 500w, https:\/\/www.meltingvox.eu\/wp-content\/uploads\/2018\/09\/alexis-768x768.jpg 768w, https:\/\/www.meltingvox.eu\/wp-content\/uploads\/2018\/09\/alexis-1024x1024.jpg 1024w, https:\/\/www.meltingvox.eu\/wp-content\/uploads\/2018\/09\/alexis.jpg 1990w\" sizes=\"(max-width: 150px) 100vw, 150px\" \/>\u00a0 Alexis H\u00e9rin &#8211; basse<\/h4>\n<p>Au cours de sa jeunesse en Belgique, \u00e0 Waterloo, Alexis s&rsquo;est\u00a0 form\u00e9 au piano \u00e0 l&rsquo;Acad\u00e9mie de musique. Sa passion pour le chant et la sc\u00e8ne s&rsquo;est manifest\u00e9e vers l&rsquo;\u00e2ge de 20 ans. De nombreux styles musicaux l&rsquo;attirent: classique, romantique, pop, rock, contemporain. Loin de se cantonner \u00e0 une \u00e9criture particuli\u00e8re, il recherche surtout la magie harmonique d&rsquo;un ensemble vocal et le plaisir de la partager.<\/p>\n<p>Il s&rsquo;est joint \u00e0 Melting Vox au d\u00e9but de l&rsquo;ann\u00e9e 2013.<\/p>\n<p>\u00a0<\/p>\n<h4><img loading=\"lazy\" class=\"alignnone wp-image-1025 \" src=\"http:\/\/www.meltingvox.eu\/wp-content\/uploads\/2025\/08\/Anne-Helene_MV_2025_3Q7A6018-397x500.jpeg\" alt=\"\" width=\"144\" height=\"182\" srcset=\"https:\/\/www.meltingvox.eu\/wp-content\/uploads\/2025\/08\/Anne-Helene_MV_2025_3Q7A6018-397x500.jpeg 397w, https:\/\/www.meltingvox.eu\/wp-content\/uploads\/2025\/08\/Anne-Helene_MV_2025_3Q7A6018-814x1024.jpeg 814w, https:\/\/www.meltingvox.eu\/wp-content\/uploads\/2025\/08\/Anne-Helene_MV_2025_3Q7A6018-768x966.jpeg 768w, https:\/\/www.meltingvox.eu\/wp-content\/uploads\/2025\/08\/Anne-Helene_MV_2025_3Q7A6018-1221x1536.jpeg 1221w, https:\/\/www.meltingvox.eu\/wp-content\/uploads\/2025\/08\/Anne-Helene_MV_2025_3Q7A6018.jpeg 1340w\" sizes=\"(max-width: 144px) 100vw, 144px\" \/> Anne-H\u00e9l\u00e8ne Pilon- alto<\/h4>\n<p style=\"font-weight: 400;\">Anne-H\u00e9l\u00e8ne est passionn\u00e9e de musique et de chant depuis son enfance. Le plaisir procur\u00e9 par la polyphonie vocale est un de ses piliers.<\/p>\n<p style=\"font-weight: 400;\">En parall\u00e8le de son apprentissage du piano, qui fait toujours partie de sa vie, et apr\u00e8s avoir d\u00e9couvert le bonheur de chanter dans West Side Story, Les Mis\u00e9rables, et La Belle H\u00e9l\u00e8ne gr\u00e2ce \u00e0 des projets scolaires, elle a ensuite chant\u00e9 \u00e0 la Ma\u00eetrise de Paris jusqu\u2019\u00e0 la fin de ses \u00e9tudes secondaires.<\/p>\n<p style=\"font-weight: 400;\">Elle chante depuis 2019 dans le ch\u0153ur de la F\u00e9d\u00e9ration Wallonie-Bruxelles dirig\u00e9 par Anthony Vigneron avec qui elle a particip\u00e9 \u00e0 de nombreux concerts (Requiem de Brahms, Faur\u00e9, Saint-Sa\u00ebns, Mozart, Petite messe solennelle de Rossini, Motets de Mendelssohn, Gloria et autres pi\u00e8ces de Poulenc (Midis-minimes \u00e0 l\u2019\u00e9glise du Sablon et au Conservatoire royal de Bruxelles,\u00a0PBA de Charleroi, Festival de l\u2019\u00e9t\u00e9 mosan \u00e0 l\u2019Abbaye de Maredsous,\u00a0\u00c9glise de la\u00a0Madeleine,\u00a0Abbaye de la Cambre, cath\u00e9drale Saint-Michel et Gudule de Bruxelles). Elle a aussi chant\u00e9 avec le Brussels Chamber Choir (Les plan\u00e8tes de Holst \u00e0 Bozar).<\/p>\n<p style=\"font-weight: 400;\">Ayant rencontr\u00e9 Stefano Poletto dans le ch\u0153ur universitaire de l\u2019UCL Louvain et attir\u00e9e par la musique <em>a capella<\/em> contemporaine en ensemble vocal plus intime, elle a rejoint Melting Vox pour quelques projets depuis 2021 avant de rejoindre pleinement le groupe en janvier 2024.<\/p>\n<p>\u00a0<\/p>\n<h4><img loading=\"lazy\" class=\"alignnone wp-image-1043 \" src=\"http:\/\/www.meltingvox.eu\/wp-content\/uploads\/2025\/08\/Caroline_MV_2025_3Q7A6026-1-420x500.jpg\" alt=\"\" width=\"154\" height=\"184\" srcset=\"https:\/\/www.meltingvox.eu\/wp-content\/uploads\/2025\/08\/Caroline_MV_2025_3Q7A6026-1-420x500.jpg 420w, https:\/\/www.meltingvox.eu\/wp-content\/uploads\/2025\/08\/Caroline_MV_2025_3Q7A6026-1-860x1024.jpg 860w, https:\/\/www.meltingvox.eu\/wp-content\/uploads\/2025\/08\/Caroline_MV_2025_3Q7A6026-1-768x914.jpg 768w, https:\/\/www.meltingvox.eu\/wp-content\/uploads\/2025\/08\/Caroline_MV_2025_3Q7A6026-1.jpg 935w\" sizes=\"(max-width: 154px) 100vw, 154px\" \/> Caroline Manesse &#8211; t\u00e9nor<\/h4>\n<p style=\"font-weight: 400;\">Caroline d\u00e9couvre la musique au sein de l&rsquo;Acad\u00e9mie de Hannut, o\u00f9 elle se forme au solf\u00e8ge, \u00e0 la fl\u00fbte traversi\u00e8re, \u00e0 la musique de chambre, et bien s\u00fbr au chant d&rsquo;ensemble au sein de la Cantil\u00e8ne, dirig\u00e9e par Marie-Paule Letawe. Elle fr\u00e9quente divers ensembles au fil du temps et continue \u00e0 d\u00e9velopper sa passion pour le chant choral.<\/p>\n<p style=\"font-weight: 400;\">Elle souhaitait depuis longtemps int\u00e9grer un pupitre de t\u00e9nors, et Stefano Poletto lui en a offert l&rsquo;opportunit\u00e9 au sein du Ch\u0153ur du personnel de l&rsquo;UCLouvain.<\/p>\n<p style=\"font-weight: 400;\">Elle rejoint Melting Vox avec le plus grand enthousiasme en septembre 2022.<\/p>\n<p>\u00a0<\/p>\n<h4><img loading=\"lazy\" class=\"alignnone wp-image-1026 \" src=\"http:\/\/www.meltingvox.eu\/wp-content\/uploads\/2025\/08\/Christian_MV_2025_3Q7A6037-393x500.jpeg\" alt=\"\" width=\"154\" height=\"196\" srcset=\"https:\/\/www.meltingvox.eu\/wp-content\/uploads\/2025\/08\/Christian_MV_2025_3Q7A6037-393x500.jpeg 393w, https:\/\/www.meltingvox.eu\/wp-content\/uploads\/2025\/08\/Christian_MV_2025_3Q7A6037-806x1024.jpeg 806w, https:\/\/www.meltingvox.eu\/wp-content\/uploads\/2025\/08\/Christian_MV_2025_3Q7A6037-768x976.jpeg 768w, https:\/\/www.meltingvox.eu\/wp-content\/uploads\/2025\/08\/Christian_MV_2025_3Q7A6037.jpeg 927w\" sizes=\"(max-width: 154px) 100vw, 154px\" \/> Christian Deschamps &#8211; basse<\/h4>\n<div>\n<p>Christian a suivi les cours de l\u2019acad\u00e9mie de musique de Schaerbeek de ses 7 \u00e0 ses 15 ans, o\u00f9 il a appris le piano et la trompette. Entre 1994 et 2010, il s\u2019initie au hautbois et au cor anglais avec Steven Sneyers \u00e0 l\u2019acad\u00e9mie de Meise.\u00a0<\/p>\n<\/div>\n<div>\n<p>Il adore le chant qu\u2019il pratique depuis 1994 dans divers groupes\u2009; la chorale<span class=\"apple-converted-space\">\u00a0<\/span><i>Carmina<\/i><span class=\"apple-converted-space\">\u00a0<\/span>(Meise), le<span class=\"apple-converted-space\">\u00a0<\/span><i>Helicante vocal ensemble<\/i><span class=\"apple-converted-space\">\u00a0<\/span>(Meise), le<span class=\"apple-converted-space\">\u00a0<\/span><i>Brussels operette Theater<span class=\"apple-converted-space\">\u00a0<\/span><\/i>(Bruxelles),<span class=\"apple-converted-space\">\u00a0<\/span><i>Basaltes<\/i><span class=\"apple-converted-space\">\u00a0<\/span>(Grimbergen),<span class=\"apple-converted-space\">\u00a0<\/span><i>Molitva men\u2019s choir<\/i><span class=\"apple-converted-space\">\u00a0<\/span>(Sint-Pieters-Leeuw) et<span class=\"apple-converted-space\">\u00a0<\/span><i>Brussels a Cappella<\/i><span class=\"apple-converted-space\">\u00a0<\/span>(Bruxelles).\u00a0<\/p>\n<\/div>\n<div>\n<p>Depuis 2008 il prend des cours de chant priv\u00e9 avec Kim Meyns et, depuis 2017, \u00e0 l\u2019Acad\u00e9mie de musique d\u2019Etterbeek avec une sp\u00e9cialisation en musique cr\u00e9ative, musique ancienne et musique en groupe.<\/p>\n<\/div>\n<div>\n<p>En 2025 il a rejoint Melting Vox en tant que basse.\u00a0<\/p>\n<\/div>\n<p>\u00a0<\/p>\n<h4><img loading=\"lazy\" class=\"alignnone wp-image-1046 \" src=\"http:\/\/www.meltingvox.eu\/wp-content\/uploads\/2025\/08\/Clara_MV_2025_3Q7A6048-425x500.jpeg\" alt=\"\" width=\"158\" height=\"186\" srcset=\"https:\/\/www.meltingvox.eu\/wp-content\/uploads\/2025\/08\/Clara_MV_2025_3Q7A6048-425x500.jpeg 425w, https:\/\/www.meltingvox.eu\/wp-content\/uploads\/2025\/08\/Clara_MV_2025_3Q7A6048-869x1024.jpeg 869w, https:\/\/www.meltingvox.eu\/wp-content\/uploads\/2025\/08\/Clara_MV_2025_3Q7A6048-768x904.jpeg 768w, https:\/\/www.meltingvox.eu\/wp-content\/uploads\/2025\/08\/Clara_MV_2025_3Q7A6048.jpeg 1238w\" sizes=\"(max-width: 158px) 100vw, 158px\" \/>\u00a0 Clara Mensi &#8211; alto<\/h4>\n<p>N\u00e9e en Afrique du Sud de parents italiens, le chant est, pour Clara, une affaire de famille. Solf\u00e8ge, guitare, ch\u0153ur d&rsquo;\u00e9glise, Clara, enfant, s&rsquo;est trouv\u00e9e immerg\u00e9e dans la musique. Vivant en Belgique depuis le milieu des ann\u00e9es 90, elle participe, avec sa famille, \u00e0 un groupe de percussions. Elle prend part \u00e0 de nombreux ch\u0153urs et stages vocaux, notamment aupr\u00e8s de Stefano Poletto.<\/p>\n<p>Clara se r\u00e9jouit des harmonies magiques de la musique a capella et consacre son \u00e9nergie musicale \u00e0 Melting Vox depuis avril 2012.<span data-ccp-props=\"{&quot;335551550&quot;:6,&quot;335551620&quot;:6,&quot;335559731&quot;:567}\">\u00a0<\/span><\/p>\n<p>\u00a0<\/p>\n<h4><img loading=\"lazy\" class=\"alignnone wp-image-1030 \" src=\"http:\/\/www.meltingvox.eu\/wp-content\/uploads\/2025\/08\/Ellen_MV_3Q7A6013-406x500.jpeg\" alt=\"\" width=\"156\" height=\"192\" srcset=\"https:\/\/www.meltingvox.eu\/wp-content\/uploads\/2025\/08\/Ellen_MV_3Q7A6013-406x500.jpeg 406w, https:\/\/www.meltingvox.eu\/wp-content\/uploads\/2025\/08\/Ellen_MV_3Q7A6013-831x1024.jpeg 831w, https:\/\/www.meltingvox.eu\/wp-content\/uploads\/2025\/08\/Ellen_MV_3Q7A6013-768x946.jpeg 768w, https:\/\/www.meltingvox.eu\/wp-content\/uploads\/2025\/08\/Ellen_MV_3Q7A6013-1247x1536.jpeg 1247w, https:\/\/www.meltingvox.eu\/wp-content\/uploads\/2025\/08\/Ellen_MV_3Q7A6013.jpeg 1285w\" sizes=\"(max-width: 156px) 100vw, 156px\" \/>\u00a0 Ellen Bohm\u00fcller &#8211; soprano<\/h4>\n<p>N\u00e9e en Allemagne, dans une famille de musiciens, Ellen a abord\u00e9 le chant vers 3 ans puis, quelques ann\u00e9es plus tard, le piano et la cithare. Form\u00e9e comme chef de ch\u0153ur \u00e0 l&rsquo;adolescence, elle participe \u00e0 divers projets vocaux, notamment de musique populaire et Gospel.\u00a0<span data-ccp-props=\"{&quot;335551550&quot;:6,&quot;335551620&quot;:6,&quot;335559731&quot;:567}\">\u00a0<\/span><\/p>\n<p>D\u00e8s 2001, en Belgique, Ellen am\u00e9liore sa technique vocale \u00e0 l&rsquo;Acad\u00e9mie de musique de Waterloo aupr\u00e8s de Nathalie Borgomano, puis chez Violette Beaujeant, Catherine Lybaert, Ismini Giannakis et chez Katarina Van Droogenbroeck. Elle a offert sa contribution vocale \u00e0 Violetta, Klangfarben, Gospel for life, Sunday Gospel Spirit, La Camera Lirica, LiebeArte in Movimento.<span data-ccp-props=\"{&quot;335551550&quot;:6,&quot;335551620&quot;:6,&quot;335559731&quot;:567}\">\u00a0<\/span><\/p>\n<p>Ellen est soprano aupr\u00e8s de Melting Vox depuis mai 2010.<\/p>\n<h4><img loading=\"lazy\" class=\"alignnone wp-image-1091 \" src=\"http:\/\/www.meltingvox.eu\/wp-content\/uploads\/2026\/02\/Jitka-Benesova-389x500.png\" alt=\"\" width=\"132\" height=\"170\" srcset=\"https:\/\/www.meltingvox.eu\/wp-content\/uploads\/2026\/02\/Jitka-Benesova-389x500.png 389w, https:\/\/www.meltingvox.eu\/wp-content\/uploads\/2026\/02\/Jitka-Benesova.png 700w\" sizes=\"(max-width: 132px) 100vw, 132px\" \/>\u00a0 Jitka Bene\u0161ov\u00e1 &#8211; soprano<\/h4>\n<p style=\"font-weight: 400;\">Jitka a d\u00e9couvert le chant choral gr\u00e2ce \u00e0 son professeur de musique au lyc\u00e9e, en Tch\u00e9quie, son pays d\u2019origine. Apr\u00e8s avoir chant\u00e9 au sein du ch\u0153ur Foerster dans sa ville natale, puis au Ch\u0153ur de l\u2019Universit\u00e9 Charles \u00e0 Prague, son parcours l\u2019a men\u00e9e au Luxembourg et \u00e0 Bruxelles, o\u00f9 elle a poursuivi sa passion en int\u00e9grant des ch\u0153urs tels que l\u2019Ensemble Vocal de Luxembourg et la Brussels Choral Society.<\/p>\n<p style=\"font-weight: 400;\">M\u00e9lomane de musique ancienne, elle a \u00e9galement jou\u00e9 \u00e0 la fl\u00fbte \u00e0 bec au sein de divers ensembles, gardant de tr\u00e8s beaux souvenirs en particulier de projets avec les ensembles Titania et Ad Libitum, ainsi qu\u2019au Conservatoire d\u2019Esch-sur-Alzette au Luxembourg.<\/p>\n<p style=\"font-weight: 400;\">Jitka a rejoint Melting Vox en tant que soprano en 2025.<\/p>\n<p>\u00a0<\/p>\n<h4><img loading=\"lazy\" class=\"\" src=\"http:\/\/www.meltingvox.eu\/wp-content\/uploads\/2023\/11\/MV-photo-Maite.png\" alt=\"L\u2019attribut alt de cette image est vide, son nom de fichier est MV-photo-Maite.png.\" width=\"149\" height=\"177\" \/> Ma\u00eft\u00e9 Smeyers &#8211; soprano<\/h4>\n<p style=\"font-weight: 400;\">Ma\u00eft\u00e9 suit des cours de musique depuis l\u2019enfance, mais d\u00e9couvre le chant choral vers 16 ans au sein du ch\u0153ur de l\u2019\u00e9cole.<\/p>\n<p style=\"font-weight: 400;\">Apr\u00e8s ses \u00e9tudes universitaires et sans discontinuer elle a eu la chance de faire partie de formations aux formats et r\u00e9pertoires vari\u00e9s : ch\u0153urs mixtes (Dacagile, Bx \u2013 dir. Bruno Crabb\u00e9l ; Ishango, Namur \u2013 dir. Stefano Poletto; Terpsichore, Ciney \u2013 dir. Xavier Haag ; Harmonic Voices \u2013 dir. Emeline Burnotte), petit ch\u0153ur de femmes (Ottavina, Bruxelles \u2013 dir. Tatyana Donets), l\u2019ensemble Fuite de Jazz, pour retrouver d\u00e9but 2023 Stefano Poletto dans Melting Vox en tant que soprane.<\/p>\n<p style=\"font-weight: 400;\">Au gr\u00e9 de son parcours musical, Ma\u00eft\u00e9 suit occasionnellement des cours de chant pour parfaire sa technique vocale avec diff\u00e9rentes profs (Laurence Renson, Tatyana Donets et actuellement Sylvie Stenuit), mais sans pour autant se consacrer au chant lyrique car c\u2019est avant tout le chant choral, l\u2019harmonie et faire de la musique \u00e0 plusieurs qui l\u2019anime et la fait vibrer\u2026 elle est convaincue que le chant choral devrait avoir une place centrale dans nos vies \u00e0 tous, que le monde n\u2019en serait que meilleur, et les gens plus heureux !<\/p>\n<p>\u00a0<\/p>\n<h4><img loading=\"lazy\" class=\"alignnone wp-image-1044 \" src=\"http:\/\/www.meltingvox.eu\/wp-content\/uploads\/2025\/08\/Mathieu_MV_2025_3Q7A6031-1-383x500.jpg\" alt=\"\" width=\"156\" height=\"204\" srcset=\"https:\/\/www.meltingvox.eu\/wp-content\/uploads\/2025\/08\/Mathieu_MV_2025_3Q7A6031-1-383x500.jpg 383w, https:\/\/www.meltingvox.eu\/wp-content\/uploads\/2025\/08\/Mathieu_MV_2025_3Q7A6031-1-784x1024.jpg 784w, https:\/\/www.meltingvox.eu\/wp-content\/uploads\/2025\/08\/Mathieu_MV_2025_3Q7A6031-1-768x1003.jpg 768w, https:\/\/www.meltingvox.eu\/wp-content\/uploads\/2025\/08\/Mathieu_MV_2025_3Q7A6031-1.jpg 1094w\" sizes=\"(max-width: 156px) 100vw, 156px\" \/> Mathieu Piavaux &#8211; basse<\/h4>\n<p>Mathieu Piavaux d\u00e9couvre le chant choral dans l\u2019enfance, dans la chorale Les Colibris, de Li\u00e8ge. Sa pratique du chant va ensuite se poursuivre \u00e0 l\u2019\u00e2ge adulte dans divers ensembles de musique vocale, \u00e0 Li\u00e8ge (Jehan Le bel, An dem Bache, Spumante), puis \u00e0 Bruxelles, o\u00f9 il chante d\u2019abord dans le Brussels Bachkoor, puis participe aux projets de Clockwork Music Brussels, sous la direction de Vincent Lesage. Parall\u00e8lement \u00e0 ces projets collectifs, il perfectionne sa technique vocale en suivant l\u2019enseignement de Vincent Gr\u00e9goire et Julie Bailly (Li\u00e8ge), puis celui de Mich\u00e8le Massina (Bruxelles).<\/p>\n<p>Il a rejoint Melting Vox en janvier 2018.<\/p>\n<p>\u00a0<\/p>\n<h4><a href=\"http:\/\/www.meltingvox.eu\/wp-content\/uploads\/2018\/02\/mm-150x150.jpg\"><img loading=\"lazy\" class=\"alignnone size-full wp-image-6\" src=\"http:\/\/www.meltingvox.eu\/wp-content\/uploads\/2018\/02\/mm-150x150.jpg\" alt=\"\" width=\"150\" height=\"150\" srcset=\"https:\/\/www.meltingvox.eu\/wp-content\/uploads\/2018\/02\/mm-150x150.jpg 150w, https:\/\/www.meltingvox.eu\/wp-content\/uploads\/2018\/02\/mm-150x150-100x100.jpg 100w\" sizes=\"(max-width: 150px) 100vw, 150px\" \/><\/a>\u00a0Mich\u00e8le Michielsens &#8211; alto<\/h4>\n<p>Durant son enfance, Mich\u00e8le fr\u00e9quente l&rsquo;acad\u00e9mie de Spa o\u00f9 elle apprend le solf\u00e8ge et le piano puis le violon et chante dans la chorale paroissiale. Vers la trentaine, elle ressent le besoin de renouer avec la musique, s&rsquo;inscrit au cours de chant et participe \u00e0 divers stages (gospel, polyphonie du monde, sons et mantras&#8230;). Elle fait aussi partie d&rsquo;un petit ensemble vocal chantant des polyphonies de la Renaissance.<\/p>\n<p>Elle 2008, elle d\u00e9couvre le travail de Dainouri Choque sur l&rsquo;\u00e9coute spectrale du son. Cette approche change radicalement sa perception de la musique et du chant. \u00c9merveill\u00e9e par cette d\u00e9couverte elle fonde avec deux amies le trio Talysman dans le but d&rsquo;exp\u00e9rimenter et de mettre en pratique cette \u00e9coute avec un r\u00e9pertoire de chants du monde.<\/p>\n<p>Mich\u00e8le travaille actuellement la technique vocale avec Miyaghi Osada.<\/p>\n<p>Elle a rejoint Melting Vox en 2015.<\/p>\n<p>\u00a0<\/p>\n<div class=\"page\" title=\"Page 1\">\n<div class=\"layoutArea\">\n<div class=\"column\">\n<h4><img loading=\"lazy\" class=\"\" src=\"http:\/\/www.meltingvox.eu\/wp-content\/uploads\/2025\/01\/CB-574-1-945x1024.jpg\" alt=\"L\u2019attribut alt de cette image est vide, son nom de fichier est CB-574-1-945x1024.jpg.\" width=\"167\" height=\"181\" \/> Sarah Heinderyckx &#8211; soprano<\/h4>\n<p>Mon premier contact avec la musique s&rsquo;est fait gr\u00e2ce au chant choral. Rep\u00e9r\u00e9e lors d&rsquo;un spectacle de fin d&rsquo;ann\u00e9e dans mon \u00e9cole, j&rsquo;int\u00e8gre \u00e0 5 ans la chorale d&rsquo;enfants La Chanterelle \u00e0 Malonnes sous la direction de Colette Mercenier. Une exp\u00e9rience riche en musique, concerts et voyages qui se poursuivra jusqu&rsquo;\u00e0 mes 12 ans. En parall\u00e8le, j&rsquo;ai commenc\u00e9 le violoncelle \u00e0 l&rsquo;acad\u00e9mie d&rsquo;Auvelais \u00e0 l&rsquo;\u00e2ge de 7 ans dans la classe de Pascal Dandoy, et le piano l&rsquo;ann\u00e9e suivante dans la classe de Maryline Lebrun. Jusqu&rsquo;\u00e0 l&rsquo;\u00e2ge adulte, j&rsquo;ai poursuivi l&rsquo;apprentissage de ces instruments tout en continuant \u00e0 chanter lors de projets transversaux entre les classes de d\u00e9clamation et d&rsquo;instruments. Apr\u00e8s une pause lors de mes \u00e9tudes, j&rsquo;ai repris le chant puis la musique de chambre vocale \u00e0 l&rsquo;acad\u00e9mie d&rsquo;Evere aupr\u00e8s de Dominique Foret o\u00f9 j&rsquo;ai termin\u00e9 mon cycle en 2023. \u00c0 c\u00f4t\u00e9 de mon activit\u00e9 de journaliste, c&rsquo;est avec une immense joie que j&rsquo;ai rejoint l&rsquo;ensemble vocal Melting Vox fin 2024 trouvant l\u00e0 le parfait \u00e9quilibre entre plaisir de chanter et exigence musicale.\u00a0<\/p>\n<p>\u00a0<\/p>\n<\/div>\n<\/div>\n<\/div>\n\n\n<h4><img loading=\"lazy\" src=\"http:\/\/www.meltingvox.eu\/wp-content\/uploads\/2025\/08\/Sofia_MV_3Q7A6009-461x500.jpeg\" alt=\"\" width=\"172\" height=\"187\"> Sofia Michelsen \u2013 alto<\/h4>\n\n\n\n<p>Sofia a chant\u00e9 dans des chorales et des ensembles toute sa vie, commen\u00e7ant dans une chorale d&rsquo;enfants \u00e0 Jakobstad, en Finlande, o\u00f9 elle a grandi. Pendant ses \u00e9tudes, elle a \u00e9t\u00e9 membre active de la chorale de femmes Florak\u00f6ren de l&rsquo;Universit\u00e9 \u00c5bo Akademi de Turku, en Finlande. C&rsquo;est l\u00e0 qu&rsquo;elle a rencontr\u00e9 son mari Kimmo, qui chantait dans la chorale d\u2019hommes Brahe Dj\u00e4knar, ainsi que nombre de ses amis proches. Sofia a \u00e9galement chant\u00e9 dans des chorales en France, aux Pays-Bas et en Belgique, car elle ne peut vivre sans chanter et les chorales sont le meilleur moyen de se faire des amis dans un nouveau pays.<\/p>\n\n\n\n<p>Sofia a suivi des cours de chant au fil des ans, plus r\u00e9cemment avec Franklin Sagredo Martins, qui l&rsquo;a aid\u00e9e \u00e0 explorer sa voix de poitrine et \u00e0 embrasser son timbre de contralto, une v\u00e9ritable r\u00e9v\u00e9lation apr\u00e8s des ann\u00e9es \u00e0 chanter dans les aigus, ce qui ne lui a jamais sembl\u00e9 confortable. Elle se produit r\u00e9guli\u00e8rement \u00e0 l&rsquo;\u00c9glise su\u00e9doise de Bruxelles, lors de mariages, bapt\u00eames, enterrements, etc. L&rsquo;ann\u00e9e derni\u00e8re, Sofia a \u00e9t\u00e9 contact\u00e9e par le duo de folk belge \u00ab&nbsp;Man\u00e4cken&nbsp;\u00bb qui l&rsquo;a invit\u00e9e \u00e0 participer \u00e0 deux chansons en su\u00e9dois pour leur nouveau album. Passer une journ\u00e9e dans un studio d&rsquo;enregistrement professionnel \u00e9tait un r\u00eave devenu r\u00e9alit\u00e9&nbsp;!<\/p>\n\n\n\n<p>Quand Sofia ne chante pas, elle travaille comme &nbsp;juriste-r\u00e9viseur&nbsp;au Conseil de l&rsquo;Union europ\u00e9enne et s&rsquo;occupe de ses deux adolescents. Elle \u00e9tait ravie de rejoindre Melting Vox en 2025.<\/p>\n\n\n\n<h4 class=\"has-medium-font-size\"><\/h4>\n\n\n\n<p><\/p>\n","protected":false},"excerpt":{"rendered":"<p>\u00a0\u00a0 Alexis H\u00e9rin &#8211; basse Au cours de sa jeunesse en Belgique, \u00e0 Waterloo, Alexis s&rsquo;est\u00a0 form\u00e9 au piano \u00e0 l&rsquo;Acad\u00e9mie de musique. Sa passion pour le chant et la sc\u00e8ne s&rsquo;est manifest\u00e9e vers l&rsquo;\u00e2ge de 20 ans. De nombreux styles musicaux l&rsquo;attirent: classique, romantique, pop, rock, contemporain. Loin de se cantonner \u00e0 une \u00e9criture [&hellip;]<\/p>\n","protected":false},"author":1,"featured_media":0,"parent":0,"menu_order":0,"comment_status":"closed","ping_status":"open","template":"","meta":[],"_links":{"self":[{"href":"https:\/\/www.meltingvox.eu\/index.php\/wp-json\/wp\/v2\/pages\/2"}],"collection":[{"href":"https:\/\/www.meltingvox.eu\/index.php\/wp-json\/wp\/v2\/pages"}],"about":[{"href":"https:\/\/www.meltingvox.eu\/index.php\/wp-json\/wp\/v2\/types\/page"}],"author":[{"embeddable":true,"href":"https:\/\/www.meltingvox.eu\/index.php\/wp-json\/wp\/v2\/users\/1"}],"replies":[{"embeddable":true,"href":"https:\/\/www.meltingvox.eu\/index.php\/wp-json\/wp\/v2\/comments?post=2"}],"version-history":[{"count":36,"href":"https:\/\/www.meltingvox.eu\/index.php\/wp-json\/wp\/v2\/pages\/2\/revisions"}],"predecessor-version":[{"id":1098,"href":"https:\/\/www.meltingvox.eu\/index.php\/wp-json\/wp\/v2\/pages\/2\/revisions\/1098"}],"wp:attachment":[{"href":"https:\/\/www.meltingvox.eu\/index.php\/wp-json\/wp\/v2\/media?parent=2"}],"curies":[{"name":"wp","href":"https:\/\/api.w.org\/{rel}","templated":true}]}}