{"id":17,"date":"2018-02-19T10:04:14","date_gmt":"2018-02-19T09:04:14","guid":{"rendered":"http:\/\/meltingvox.eu\/?page_id=17"},"modified":"2018-02-28T12:46:33","modified_gmt":"2018-02-28T11:46:33","slug":"notremusique","status":"publish","type":"page","link":"https:\/\/www.meltingvox.eu\/index.php\/notremusique\/","title":{"rendered":"Notre musique"},"content":{"rendered":"<h3><a href=\"http:\/\/www.meltingvox.eu\/wp-content\/uploads\/2018\/02\/cropped-MV-2.gif\"><img loading=\"lazy\" class=\"wp-image-146 alignright\" src=\"http:\/\/www.meltingvox.eu\/wp-content\/uploads\/2018\/02\/cropped-MV-2.gif\" alt=\"\" width=\"224\" height=\"224\" \/><\/a><\/h3>\n<h3>Pourquoi le XX\u00e8me et XXI\u00e8me?<\/h3>\n<p>Parce que cette musique peut \u00e0 la fois \u00eatre m\u00e9lodieuse et harmonieuse, avec une l\u00e9g\u00e8re touche de modernit\u00e9 qui en fait toute sa saveur.<\/p>\n<p>Voici\u00a0un extrait<\/p>\n<!--[if lt IE 9]><script>document.createElement('audio');<\/script><![endif]-->\n\t<div class=\"wp-playlist wp-audio-playlist wp-playlist-light\">\n\t\t<div class=\"wp-playlist-current-item\"><\/div>\n\t\t<audio controls=\"controls\" preload=\"none\" width=\"\n\t\t\t\t778\t\"\n\t\t><\/audio>\n\t<div class=\"wp-playlist-next\"><\/div>\n\t<div class=\"wp-playlist-prev\"><\/div>\n\t<noscript>\n\t<ol>\n\t<li><a href='https:\/\/www.meltingvox.eu\/wp-content\/uploads\/2018\/02\/MV_Demo_2017.mp3'>D\u00e9mo<\/a><\/li>\t<\/ol>\n\t<\/noscript>\n\t<script type=\"application\/json\" class=\"wp-playlist-script\">{\"type\":\"audio\",\"tracklist\":true,\"tracknumbers\":true,\"images\":true,\"artists\":true,\"tracks\":[{\"src\":\"https:\\\/\\\/www.meltingvox.eu\\\/wp-content\\\/uploads\\\/2018\\\/02\\\/MV_Demo_2017.mp3\",\"type\":\"audio\\\/mpeg\",\"title\":\"D\\u00e9mo\",\"caption\":\"\",\"description\":\"<i>D\\u00e9mo<\\\/i> par Melting Vox.\",\"meta\":{\"artist\":\"Melting Vox\",\"length_formatted\":\"1:12\"},\"image\":{\"src\":\"https:\\\/\\\/www.meltingvox.eu\\\/wp-includes\\\/images\\\/media\\\/audio.png\",\"width\":48,\"height\":64},\"thumb\":{\"src\":\"https:\\\/\\\/www.meltingvox.eu\\\/wp-includes\\\/images\\\/media\\\/audio.png\",\"width\":48,\"height\":64}}]}<\/script>\n<\/div>\n\t\n<p>&nbsp;<\/p>\n","protected":false},"excerpt":{"rendered":"<p>Pourquoi le XX\u00e8me et XXI\u00e8me? Parce que cette musique peut \u00e0 la fois \u00eatre m\u00e9lodieuse et harmonieuse, avec une l\u00e9g\u00e8re touche de modernit\u00e9 qui en fait toute sa saveur. Voici\u00a0un extrait &nbsp;<\/p>\n","protected":false},"author":1,"featured_media":0,"parent":0,"menu_order":0,"comment_status":"closed","ping_status":"closed","template":"","meta":[],"_links":{"self":[{"href":"https:\/\/www.meltingvox.eu\/index.php\/wp-json\/wp\/v2\/pages\/17"}],"collection":[{"href":"https:\/\/www.meltingvox.eu\/index.php\/wp-json\/wp\/v2\/pages"}],"about":[{"href":"https:\/\/www.meltingvox.eu\/index.php\/wp-json\/wp\/v2\/types\/page"}],"author":[{"embeddable":true,"href":"https:\/\/www.meltingvox.eu\/index.php\/wp-json\/wp\/v2\/users\/1"}],"replies":[{"embeddable":true,"href":"https:\/\/www.meltingvox.eu\/index.php\/wp-json\/wp\/v2\/comments?post=17"}],"version-history":[{"count":15,"href":"https:\/\/www.meltingvox.eu\/index.php\/wp-json\/wp\/v2\/pages\/17\/revisions"}],"predecessor-version":[{"id":276,"href":"https:\/\/www.meltingvox.eu\/index.php\/wp-json\/wp\/v2\/pages\/17\/revisions\/276"}],"wp:attachment":[{"href":"https:\/\/www.meltingvox.eu\/index.php\/wp-json\/wp\/v2\/media?parent=17"}],"curies":[{"name":"wp","href":"https:\/\/api.w.org\/{rel}","templated":true}]}}